{"id":9,"date":"2025-02-13T02:23:30","date_gmt":"2025-02-13T01:23:30","guid":{"rendered":"https:\/\/batifixrenovate.fr\/?page_id=9"},"modified":"2025-02-14T20:05:42","modified_gmt":"2025-02-14T19:05:42","slug":"accueil","status":"publish","type":"page","link":"https:\/\/batifixrenovate.fr\/","title":{"rendered":"Accueil"},"content":{"rendered":"\t\t<div data-elementor-type=\"wp-page\" data-elementor-id=\"9\" class=\"elementor elementor-9\">\n\t\t\t\t<div class=\"elementor-element elementor-element-34d18d6 e-con-full e-flex e-con e-parent\" data-id=\"34d18d6\" data-element_type=\"container\">\n\t\t\t\t<div class=\"elementor-element elementor-element-680f40f elementor-widget elementor-widget-heading\" data-id=\"680f40f\" data-element_type=\"widget\" data-widget_type=\"heading.default\">\n\t\t\t\t<div class=\"elementor-widget-container\">\n\t\t\t\t\t<h2 class=\"elementor-heading-title elementor-size-default\">Batifix renovate,  un auto entrepreneur passionn\u00e9 par son m\u00e9tier plus de 15 ans d\u2019exp\u00e9riences.<\/h2>\t\t\t\t<\/div>\n\t\t\t\t<\/div>\n\t\t\t\t<div class=\"elementor-element elementor-element-1508b5c elementor-widget elementor-widget-image\" data-id=\"1508b5c\" data-element_type=\"widget\" data-widget_type=\"image.default\">\n\t\t\t\t<div class=\"elementor-widget-container\">\n\t\t\t\t\t\t\t\t\t\t\t\t\t\t\t<img fetchpriority=\"high\" decoding=\"async\" width=\"748\" height=\"421\" src=\"https:\/\/batifixrenovate.fr\/wp-content\/uploads\/2025\/02\/0c3a5bbb7e77-BTP-GettyImages-173417558-16-9.jpg\" class=\"attachment-large size-large wp-image-28\" alt=\"\" srcset=\"https:\/\/batifixrenovate.fr\/wp-content\/uploads\/2025\/02\/0c3a5bbb7e77-BTP-GettyImages-173417558-16-9.jpg 748w, https:\/\/batifixrenovate.fr\/wp-content\/uploads\/2025\/02\/0c3a5bbb7e77-BTP-GettyImages-173417558-16-9-300x169.jpg 300w\" sizes=\"(max-width: 748px) 100vw, 748px\" \/>\t\t\t\t\t\t\t\t\t\t\t\t\t\t\t<\/div>\n\t\t\t\t<\/div>\n\t\t\t\t<\/div>\n\t\t<div class=\"elementor-element elementor-element-d0b2710 e-con-full e-flex e-con e-parent\" data-id=\"d0b2710\" data-element_type=\"container\" data-settings=\"{&quot;background_background&quot;:&quot;classic&quot;}\">\n\t\t<div class=\"elementor-element elementor-element-16b854d3 e-con-full e-flex e-con e-child\" data-id=\"16b854d3\" data-element_type=\"container\">\n\t\t\t\t<div class=\"elementor-element elementor-element-30601648 elementor-widget elementor-widget-heading\" data-id=\"30601648\" data-element_type=\"widget\" data-widget_type=\"heading.default\">\n\t\t\t\t<div class=\"elementor-widget-container\">\n\t\t\t\t\t<h1 class=\"elementor-heading-title elementor-size-default\">Isolation placo<\/h1>\t\t\t\t<\/div>\n\t\t\t\t<\/div>\n\t\t\t\t<\/div>\n\t\t<div class=\"elementor-element elementor-element-74053d e-con-full e-flex e-con e-child\" data-id=\"74053d\" data-element_type=\"container\">\n\t\t\t\t<div class=\"elementor-element elementor-element-74577a4b elementor-widget elementor-widget-image\" data-id=\"74577a4b\" data-element_type=\"widget\" data-widget_type=\"image.default\">\n\t\t\t\t<div class=\"elementor-widget-container\">\n\t\t\t\t\t\t\t\t\t\t\t\t\t\t\t<img decoding=\"async\" width=\"640\" height=\"479\" src=\"https:\/\/batifixrenovate.fr\/wp-content\/uploads\/2025\/02\/70214046-3818219-pjp5c12711445a8dc00011ee6e5.webp\" class=\"attachment-large size-large wp-image-29\" alt=\"\" srcset=\"https:\/\/batifixrenovate.fr\/wp-content\/uploads\/2025\/02\/70214046-3818219-pjp5c12711445a8dc00011ee6e5.webp 640w, https:\/\/batifixrenovate.fr\/wp-content\/uploads\/2025\/02\/70214046-3818219-pjp5c12711445a8dc00011ee6e5-300x225.webp 300w\" sizes=\"(max-width: 640px) 100vw, 640px\" \/>\t\t\t\t\t\t\t\t\t\t\t\t\t\t\t<\/div>\n\t\t\t\t<\/div>\n\t\t\t\t<\/div>\n\t\t\t\t<\/div>\n\t\t<div class=\"elementor-element elementor-element-63c3d415 e-con-full e-flex e-con e-parent\" data-id=\"63c3d415\" data-element_type=\"container\" id=\"next\">\n\t\t\t\t<div class=\"elementor-element elementor-element-6cc956fc elementor-widget elementor-widget-heading\" data-id=\"6cc956fc\" data-element_type=\"widget\" data-widget_type=\"heading.default\">\n\t\t\t\t<div class=\"elementor-widget-container\">\n\t\t\t\t\t<h3 class=\"elementor-heading-title elementor-size-default\">Nos  services<\/h3>\t\t\t\t<\/div>\n\t\t\t\t<\/div>\n\t\t<div class=\"elementor-element elementor-element-21aa7fb3 e-con-full e-flex e-con e-child\" data-id=\"21aa7fb3\" data-element_type=\"container\">\n\t\t<div class=\"elementor-element elementor-element-799d6e03 e-con-full e-flex e-con e-child\" data-id=\"799d6e03\" data-element_type=\"container\">\n\t\t\t\t<div class=\"elementor-element elementor-element-2b8ec379 elementor-position-top elementor-widget elementor-widget-image-box\" data-id=\"2b8ec379\" data-element_type=\"widget\" data-widget_type=\"image-box.default\">\n\t\t\t\t<div class=\"elementor-widget-container\">\n\t\t\t\t\t<div class=\"elementor-image-box-wrapper\"><figure class=\"elementor-image-box-img\"><a href=\"#\" tabindex=\"-1\"><img decoding=\"async\" width=\"700\" height=\"466\" src=\"https:\/\/batifixrenovate.fr\/wp-content\/uploads\/2025\/02\/pose-carrelage-interieur1.jpg\" class=\"elementor-animation-grow attachment-full size-full wp-image-83\" alt=\"\" srcset=\"https:\/\/batifixrenovate.fr\/wp-content\/uploads\/2025\/02\/pose-carrelage-interieur1.jpg 700w, https:\/\/batifixrenovate.fr\/wp-content\/uploads\/2025\/02\/pose-carrelage-interieur1-300x200.jpg 300w\" sizes=\"(max-width: 700px) 100vw, 700px\" \/><\/a><\/figure><div class=\"elementor-image-box-content\"><h4 class=\"elementor-image-box-title\"><a href=\"#\">Carrelage \/ parquet<\/a><\/h4><p class=\"elementor-image-box-description\">Pose - D\u00e9pose - int\u00e9rieur comme ext\u00e9rieur \nsalle de bain  ect <\/p><\/div><\/div>\t\t\t\t<\/div>\n\t\t\t\t<\/div>\n\t\t\t\t<\/div>\n\t\t<div class=\"elementor-element elementor-element-3bd67af2 e-con-full e-flex e-con e-child\" data-id=\"3bd67af2\" data-element_type=\"container\">\n\t\t\t\t<div class=\"elementor-element elementor-element-69b226e elementor-position-top elementor-widget elementor-widget-image-box\" data-id=\"69b226e\" data-element_type=\"widget\" data-widget_type=\"image-box.default\">\n\t\t\t\t<div class=\"elementor-widget-container\">\n\t\t\t\t\t<div class=\"elementor-image-box-wrapper\"><figure class=\"elementor-image-box-img\"><a href=\"#\" tabindex=\"-1\"><img loading=\"lazy\" decoding=\"async\" width=\"1000\" height=\"667\" src=\"https:\/\/batifixrenovate.fr\/wp-content\/uploads\/2025\/02\/prix-peintre-batiment.jpeg\" class=\"elementor-animation-grow attachment-full size-full wp-image-32\" alt=\"\" srcset=\"https:\/\/batifixrenovate.fr\/wp-content\/uploads\/2025\/02\/prix-peintre-batiment.jpeg 1000w, https:\/\/batifixrenovate.fr\/wp-content\/uploads\/2025\/02\/prix-peintre-batiment-300x200.jpeg 300w, https:\/\/batifixrenovate.fr\/wp-content\/uploads\/2025\/02\/prix-peintre-batiment-768x512.jpeg 768w\" sizes=\"(max-width: 1000px) 100vw, 1000px\" \/><\/a><\/figure><div class=\"elementor-image-box-content\"><h4 class=\"elementor-image-box-title\"><a href=\"#\">Peinture<\/a><\/h4><p class=\"elementor-image-box-description\">Peinture int\u00e9rieur - ext\u00e9rieur <\/p><\/div><\/div>\t\t\t\t<\/div>\n\t\t\t\t<\/div>\n\t\t\t\t<\/div>\n\t\t<div class=\"elementor-element elementor-element-8ae6d92 e-con-full e-flex e-con e-child\" data-id=\"8ae6d92\" data-element_type=\"container\">\n\t\t\t\t<div class=\"elementor-element elementor-element-51d7ac98 elementor-position-top elementor-widget elementor-widget-image-box\" data-id=\"51d7ac98\" data-element_type=\"widget\" data-widget_type=\"image-box.default\">\n\t\t\t\t<div class=\"elementor-widget-container\">\n\t\t\t\t\t<div class=\"elementor-image-box-wrapper\"><figure class=\"elementor-image-box-img\"><a href=\"#\" tabindex=\"-1\"><img loading=\"lazy\" decoding=\"async\" width=\"460\" height=\"190\" src=\"https:\/\/batifixrenovate.fr\/wp-content\/uploads\/2025\/02\/bloc-home.jpg\" class=\"elementor-animation-grow attachment-full size-full wp-image-30\" alt=\"\" srcset=\"https:\/\/batifixrenovate.fr\/wp-content\/uploads\/2025\/02\/bloc-home.jpg 460w, https:\/\/batifixrenovate.fr\/wp-content\/uploads\/2025\/02\/bloc-home-300x124.jpg 300w\" sizes=\"(max-width: 460px) 100vw, 460px\" \/><\/a><\/figure><div class=\"elementor-image-box-content\"><h4 class=\"elementor-image-box-title\"><a href=\"#\">Plomberie<\/a><\/h4><p class=\"elementor-image-box-description\">divers<\/p><\/div><\/div>\t\t\t\t<\/div>\n\t\t\t\t<\/div>\n\t\t\t\t<\/div>\n\t\t<div class=\"elementor-element elementor-element-46a4ecf6 e-con-full e-flex e-con e-child\" data-id=\"46a4ecf6\" data-element_type=\"container\">\n\t\t\t\t<div class=\"elementor-element elementor-element-67eac69b elementor-position-top elementor-widget elementor-widget-image-box\" data-id=\"67eac69b\" data-element_type=\"widget\" data-widget_type=\"image-box.default\">\n\t\t\t\t<div class=\"elementor-widget-container\">\n\t\t\t\t\t<div class=\"elementor-image-box-wrapper\"><figure class=\"elementor-image-box-img\"><a href=\"#\" tabindex=\"-1\"><img loading=\"lazy\" decoding=\"async\" width=\"612\" height=\"401\" src=\"https:\/\/batifixrenovate.fr\/wp-content\/uploads\/2025\/02\/istockphoto-1335018444-612x612-1.jpg\" class=\"elementor-animation-grow attachment-full size-full wp-image-31\" alt=\"\" srcset=\"https:\/\/batifixrenovate.fr\/wp-content\/uploads\/2025\/02\/istockphoto-1335018444-612x612-1.jpg 612w, https:\/\/batifixrenovate.fr\/wp-content\/uploads\/2025\/02\/istockphoto-1335018444-612x612-1-300x197.jpg 300w\" sizes=\"(max-width: 612px) 100vw, 612px\" \/><\/a><\/figure><div class=\"elementor-image-box-content\"><h4 class=\"elementor-image-box-title\"><a href=\"#\">Nettoyage exterieur<\/a><\/h4><p class=\"elementor-image-box-description\">Nettoyage ext\u00e9rieur <\/p><\/div><\/div>\t\t\t\t<\/div>\n\t\t\t\t<\/div>\n\t\t\t\t<\/div>\n\t\t\t\t<\/div>\n\t\t\t\t<\/div>\n\t\t\t\t<\/div>\n\t\t","protected":false},"excerpt":{"rendered":"<p>Batifix renovate, un auto entrepreneur passionn\u00e9 par son m\u00e9tier plus de 15 ans d\u2019exp\u00e9riences. Isolation placo Nos services Carrelage \/ parquet Pose &#8211; D\u00e9pose &#8211; int\u00e9rieur comme ext\u00e9rieur salle de &#8230;<\/p>\n","protected":false},"author":1,"featured_media":0,"parent":0,"menu_order":0,"comment_status":"closed","ping_status":"closed","template":"","meta":{"footnotes":""},"class_list":["post-9","page","type-page","status-publish","hentry"],"yoast_head":"<!-- This site is optimized with the Yoast SEO plugin v24.5 - https:\/\/yoast.com\/wordpress\/plugins\/seo\/ -->\n<title>batifix renovate<\/title>\n<meta name=\"description\" content=\"R\u00e9novation construction: Plomberie - carrelage - peinture - isolation plaquiste auto-entrepreneur avec plus de 15 d\u2019exp\u00e9riences\" \/>\n<meta name=\"robots\" content=\"index, follow, max-snippet:-1, max-image-preview:large, max-video-preview:-1\" \/>\n<link rel=\"canonical\" href=\"https:\/\/batifixrenovate.fr\/\" \/>\n<meta property=\"og:locale\" content=\"en_US\" \/>\n<meta property=\"og:type\" content=\"article\" \/>\n<meta property=\"og:title\" content=\"batifix renovate\" \/>\n<meta property=\"og:description\" content=\"R\u00e9novation construction: Plomberie - carrelage - peinture - isolation plaquiste auto-entrepreneur avec plus de 15 d\u2019exp\u00e9riences\" \/>\n<meta property=\"og:url\" content=\"https:\/\/batifixrenovate.fr\/\" \/>\n<meta property=\"article:modified_time\" content=\"2025-02-14T19:05:42+00:00\" \/>\n<meta property=\"og:image\" content=\"http:\/\/batifixrenovate.fr\/wp-content\/uploads\/2025\/02\/0c3a5bbb7e77-BTP-GettyImages-173417558-16-9.jpg\" \/>\n<meta name=\"twitter:card\" content=\"summary_large_image\" \/>\n<meta name=\"twitter:label1\" content=\"Est. reading time\" \/>\n\t<meta name=\"twitter:data1\" content=\"2 minutes\" \/>\n<script type=\"application\/ld+json\" class=\"yoast-schema-graph\">{\"@context\":\"https:\/\/schema.org\",\"@graph\":[{\"@type\":\"WebPage\",\"@id\":\"https:\/\/batifixrenovate.fr\/\",\"url\":\"https:\/\/batifixrenovate.fr\/\",\"name\":\"batifix renovate\",\"isPartOf\":{\"@id\":\"https:\/\/batifixrenovate.fr\/#website\"},\"primaryImageOfPage\":{\"@id\":\"https:\/\/batifixrenovate.fr\/#primaryimage\"},\"image\":{\"@id\":\"https:\/\/batifixrenovate.fr\/#primaryimage\"},\"thumbnailUrl\":\"http:\/\/batifixrenovate.fr\/wp-content\/uploads\/2025\/02\/0c3a5bbb7e77-BTP-GettyImages-173417558-16-9.jpg\",\"datePublished\":\"2025-02-13T01:23:30+00:00\",\"dateModified\":\"2025-02-14T19:05:42+00:00\",\"description\":\"R\u00e9novation construction: Plomberie - carrelage - peinture - isolation plaquiste auto-entrepreneur avec plus de 15 d\u2019exp\u00e9riences\",\"breadcrumb\":{\"@id\":\"https:\/\/batifixrenovate.fr\/#breadcrumb\"},\"inLanguage\":\"en-US\",\"potentialAction\":[{\"@type\":\"ReadAction\",\"target\":[\"https:\/\/batifixrenovate.fr\/\"]}]},{\"@type\":\"ImageObject\",\"inLanguage\":\"en-US\",\"@id\":\"https:\/\/batifixrenovate.fr\/#primaryimage\",\"url\":\"https:\/\/batifixrenovate.fr\/wp-content\/uploads\/2025\/02\/0c3a5bbb7e77-BTP-GettyImages-173417558-16-9.jpg\",\"contentUrl\":\"https:\/\/batifixrenovate.fr\/wp-content\/uploads\/2025\/02\/0c3a5bbb7e77-BTP-GettyImages-173417558-16-9.jpg\",\"width\":748,\"height\":421},{\"@type\":\"BreadcrumbList\",\"@id\":\"https:\/\/batifixrenovate.fr\/#breadcrumb\",\"itemListElement\":[{\"@type\":\"ListItem\",\"position\":1,\"name\":\"Accueil\",\"item\":\"https:\/\/batifixrenovate.fr\/\"},{\"@type\":\"ListItem\",\"position\":2,\"name\":\"Accueil\"}]},{\"@type\":\"WebSite\",\"@id\":\"https:\/\/batifixrenovate.fr\/#website\",\"url\":\"https:\/\/batifixrenovate.fr\/\",\"name\":\"https:\/\/batifixrenovate.fr\/\",\"description\":\"\",\"potentialAction\":[{\"@type\":\"SearchAction\",\"target\":{\"@type\":\"EntryPoint\",\"urlTemplate\":\"https:\/\/batifixrenovate.fr\/?s={search_term_string}\"},\"query-input\":{\"@type\":\"PropertyValueSpecification\",\"valueRequired\":true,\"valueName\":\"search_term_string\"}}],\"inLanguage\":\"en-US\"}]}<\/script>\n<!-- \/ Yoast SEO plugin. -->","yoast_head_json":{"title":"batifix renovate","description":"R\u00e9novation construction: Plomberie - carrelage - peinture - isolation plaquiste auto-entrepreneur avec plus de 15 d\u2019exp\u00e9riences","robots":{"index":"index","follow":"follow","max-snippet":"max-snippet:-1","max-image-preview":"max-image-preview:large","max-video-preview":"max-video-preview:-1"},"canonical":"https:\/\/batifixrenovate.fr\/","og_locale":"en_US","og_type":"article","og_title":"batifix renovate","og_description":"R\u00e9novation construction: Plomberie - carrelage - peinture - isolation plaquiste auto-entrepreneur avec plus de 15 d\u2019exp\u00e9riences","og_url":"https:\/\/batifixrenovate.fr\/","article_modified_time":"2025-02-14T19:05:42+00:00","og_image":[{"url":"http:\/\/batifixrenovate.fr\/wp-content\/uploads\/2025\/02\/0c3a5bbb7e77-BTP-GettyImages-173417558-16-9.jpg","type":"","width":"","height":""}],"twitter_card":"summary_large_image","twitter_misc":{"Est. reading time":"2 minutes"},"schema":{"@context":"https:\/\/schema.org","@graph":[{"@type":"WebPage","@id":"https:\/\/batifixrenovate.fr\/","url":"https:\/\/batifixrenovate.fr\/","name":"batifix renovate","isPartOf":{"@id":"https:\/\/batifixrenovate.fr\/#website"},"primaryImageOfPage":{"@id":"https:\/\/batifixrenovate.fr\/#primaryimage"},"image":{"@id":"https:\/\/batifixrenovate.fr\/#primaryimage"},"thumbnailUrl":"http:\/\/batifixrenovate.fr\/wp-content\/uploads\/2025\/02\/0c3a5bbb7e77-BTP-GettyImages-173417558-16-9.jpg","datePublished":"2025-02-13T01:23:30+00:00","dateModified":"2025-02-14T19:05:42+00:00","description":"R\u00e9novation construction: Plomberie - carrelage - peinture - isolation plaquiste auto-entrepreneur avec plus de 15 d\u2019exp\u00e9riences","breadcrumb":{"@id":"https:\/\/batifixrenovate.fr\/#breadcrumb"},"inLanguage":"en-US","potentialAction":[{"@type":"ReadAction","target":["https:\/\/batifixrenovate.fr\/"]}]},{"@type":"ImageObject","inLanguage":"en-US","@id":"https:\/\/batifixrenovate.fr\/#primaryimage","url":"https:\/\/batifixrenovate.fr\/wp-content\/uploads\/2025\/02\/0c3a5bbb7e77-BTP-GettyImages-173417558-16-9.jpg","contentUrl":"https:\/\/batifixrenovate.fr\/wp-content\/uploads\/2025\/02\/0c3a5bbb7e77-BTP-GettyImages-173417558-16-9.jpg","width":748,"height":421},{"@type":"BreadcrumbList","@id":"https:\/\/batifixrenovate.fr\/#breadcrumb","itemListElement":[{"@type":"ListItem","position":1,"name":"Accueil","item":"https:\/\/batifixrenovate.fr\/"},{"@type":"ListItem","position":2,"name":"Accueil"}]},{"@type":"WebSite","@id":"https:\/\/batifixrenovate.fr\/#website","url":"https:\/\/batifixrenovate.fr\/","name":"https:\/\/batifixrenovate.fr\/","description":"","potentialAction":[{"@type":"SearchAction","target":{"@type":"EntryPoint","urlTemplate":"https:\/\/batifixrenovate.fr\/?s={search_term_string}"},"query-input":{"@type":"PropertyValueSpecification","valueRequired":true,"valueName":"search_term_string"}}],"inLanguage":"en-US"}]}},"_links":{"self":[{"href":"https:\/\/batifixrenovate.fr\/index.php?rest_route=\/wp\/v2\/pages\/9","targetHints":{"allow":["GET"]}}],"collection":[{"href":"https:\/\/batifixrenovate.fr\/index.php?rest_route=\/wp\/v2\/pages"}],"about":[{"href":"https:\/\/batifixrenovate.fr\/index.php?rest_route=\/wp\/v2\/types\/page"}],"author":[{"embeddable":true,"href":"https:\/\/batifixrenovate.fr\/index.php?rest_route=\/wp\/v2\/users\/1"}],"replies":[{"embeddable":true,"href":"https:\/\/batifixrenovate.fr\/index.php?rest_route=%2Fwp%2Fv2%2Fcomments&post=9"}],"version-history":[{"count":28,"href":"https:\/\/batifixrenovate.fr\/index.php?rest_route=\/wp\/v2\/pages\/9\/revisions"}],"predecessor-version":[{"id":98,"href":"https:\/\/batifixrenovate.fr\/index.php?rest_route=\/wp\/v2\/pages\/9\/revisions\/98"}],"wp:attachment":[{"href":"https:\/\/batifixrenovate.fr\/index.php?rest_route=%2Fwp%2Fv2%2Fmedia&parent=9"}],"curies":[{"name":"wp","href":"https:\/\/api.w.org\/{rel}","templated":true}]}}